{"id":3509,"date":"2023-10-13T14:29:09","date_gmt":"2023-10-13T11:29:09","guid":{"rendered":"https:\/\/cbconstruction.lt\/?page_id=3509"},"modified":"2023-10-13T14:43:13","modified_gmt":"2023-10-13T11:43:13","slug":"privacy-policy","status":"publish","type":"page","link":"https:\/\/cbconstruction.lt\/lt\/privacy-policy\/","title":{"rendered":"Privatumo politika"},"content":{"rendered":"<div data-elementor-type=\"wp-page\" data-elementor-id=\"3509\" class=\"elementor elementor-3509\" data-elementor-post-type=\"page\">\n\t\t\t\t<div class=\"elementor-element elementor-element-7d15738 e-flex e-con-boxed e-con e-parent\" data-id=\"7d15738\" data-element_type=\"container\" data-core-v316-plus=\"true\">\n\t\t\t\t\t<div class=\"e-con-inner\">\n\t\t\t\t<div class=\"elementor-element elementor-element-81b466d elementor-widget__width-initial elementor-widget elementor-widget-text-editor\" data-id=\"81b466d\" data-element_type=\"widget\" data-widget_type=\"text-editor.default\">\n\t\t\t\t<div class=\"elementor-widget-container\">\n\t\t\t<style>\/*! elementor - v3.20.0 - 11-03-2024 *\/\n.elementor-widget-text-editor.elementor-drop-cap-view-stacked .elementor-drop-cap{background-color:#69727d;color:#fff}.elementor-widget-text-editor.elementor-drop-cap-view-framed .elementor-drop-cap{color:#69727d;border:3px solid;background-color:transparent}.elementor-widget-text-editor:not(.elementor-drop-cap-view-default) .elementor-drop-cap{margin-top:8px}.elementor-widget-text-editor:not(.elementor-drop-cap-view-default) .elementor-drop-cap-letter{width:1em;height:1em}.elementor-widget-text-editor .elementor-drop-cap{float:left;text-align:center;line-height:1;font-size:50px}.elementor-widget-text-editor .elementor-drop-cap-letter{display:inline-block}<\/style>\t\t\t\t<p><!-- wp:heading --><\/p><div style=\"text-align: center;\"><h1>Privatumo politika<\/h1><\/div><div><div><h5 style=\"--fontweight: 700; --fontsize: 22px; --lineheight: 1.5; font-family: var(--fontFamily); font-size: var(--fontSize); font-weight: var(--fontWeight); font-style: normal; line-height: var(--lineHeight); letter-spacing: normal; text-transform: none; text-decoration-thickness: initial; text-decoration-style: initial; text-decoration-color: initial;\">Kas mes esame?<\/h5><\/div><div>Our website address is<br \/><b>https:\/\/cbconstruction.lt<\/b><\/div><div>Esame \u012fsipareigoj\u0119 u\u017etikrinti j\u016bs\u0173, m\u016bs\u0173 klient\u0173, ir kit\u0173 duomen\u0173 subjekt\u0173 asmens duomen\u0173 apsaug\u0105, tod\u0117l tvarkydami asmens duomenis laikom\u0117s asmens duomen\u0173 teisin\u0119 apsaug\u0105 reglamentuojan\u010di\u0173 teis\u0117s akt\u0173 nuostat\u0173 ir imam\u0117s vis\u0173 b\u016btin\u0173 priemoni\u0173, kad u\u017ekirstume keli\u0105 galimiems asmens duomen\u0173 apsaugos pa\u017eeidimams.<\/div><div>\u00a0<\/div><\/div><h5>Kas yra asmens duomenys?<\/h5><p>Asmens duomenys - tai bet kokia informacija, susijusi su fiziniu asmeniu - duomen\u0173 subjektu, kuris yra \u017einomas arba kurio tapatyb\u0117 gali b\u016bti tiesiogiai ar netiesiogiai nustatyta naudojant tam tikrus duomenis (pavyzd\u017eiui, vard\u0105, pavard\u0119, adres\u0105, telefono numer\u012f ir t. t.). Tam tikri asmens duomenys mums reikalingi, kad gal\u0117tume vykdyti savo \u012fsipareigojimus. WEB IDEA \u012fsipareigoja rinkti ir tvarkyti asmens duomenis tik tuo atveju ir tiek, kiek tai b\u016btina konkre\u010diam, apibr\u0117\u017etam ir teis\u0117tam tikslui pasiekti.<\/p><h5>Kada ir kaip renkame j\u016bs\u0173 informacij\u0105?<\/h5><p>Asmenin\u0119 informacij\u0105 renkame \u0161iais atvejais:<br \/>\u2022 kai teikiame paslaugas savo klientams;<br \/>\u2022 kai u\u017esisakote paslaugas i\u0161 m\u016bs\u0173;<br \/>\u2022 kai naudojat\u0117s m\u016bs\u0173 svetaine. <a href=\"https:\/\/cbconstruction.lt\/lt\/\"><strong>www.cbconstruction.lt<\/strong><\/a>;<br \/>\u2022 kai kreipiat\u0117s \u012f mus su skundu ar u\u017eklausa;<br \/>\u2022 kai bendraujate su mumis socialiniuose tinkluose.<\/p><h5>Kokius asmens duomenis renkame ir kod\u0117l juos renkame?<\/h5><p>\u00a0Informacija, kuri\u0105 mums pateikiate.<\/p><p>Kai kreipiat\u0117s \u012f mus pra\u0161ydami m\u016bs\u0173 paslaug\u0173, pra\u0161ome pateikti tiksli\u0105 ir b\u016btin\u0105 informacij\u0105, kad gal\u0117tume atsakyti \u012f j\u016bs\u0173 u\u017eklaus\u0105. Kai mums pateikiate savo asmenin\u0119 informacij\u0105, mes j\u0105 naudojame rinkimo metu nurodytais tikslais arba tikslais, kurie yra akivaizd\u016bs rinkimo kontekste.<\/p><p>Teikdami min\u0117tas paslaugas savo klientams, galime rinkti toki\u0105 asmenin\u0119 informacij\u0105, kaip antai:<br \/>\u2022 Kontaktiniai duomenys, tokie kaip vardas ir pavard\u0117, el. pa\u0161to adresas, gyvenamosios vietos adresas, telefono numeris;<br \/>\u2022 Informacija apie tai, kokius naujienlai\u0161kius nor\u0117tum\u0117te gauti;<br \/>\u2022 Kita svarbi informacija, pvz., j\u016bs\u0173 pareig\u0173 pavadinimas, kalba, pa\u0161to kodas, vieta ir laiko juosta, kurioje gyvenate.<\/p><p>Nerenkame joki\u0173 speciali\u0173 asmens duomen\u0173, nebent tai b\u016btina. Ypatingi asmens duomenys apima duomenis, susijusius su rasine ar etnine kilme, politin\u0117mis pa\u017ei\u016bromis, religiniais ar filosofiniais \u012fsitikinimais, naryste profesin\u0117se s\u0105jungose, sveikata, lytiniu gyvenimu.<\/p><p>Jei pateikiate mums savo neskelbtinus asmens duomenis, patvirtinate, kad suprantate savo veiksmus ir duodate ai\u0161k\u0173 sutikim\u0105 rinkti, naudoti ir atskleisti tokius duomenis tre\u010diosioms \u0161alims \u0161iame prane\u0161ime nurodytais tikslais. Jei pateikiate mums asmenin\u0119 informacij\u0105 apie kitus asmenis, pavyzd\u017eiui, savo darbuotojus ar i\u0161laikytinius, prie\u0161 pateikdami \u0161i\u0105 informacij\u0105 mums, turite gauti j\u0173 sutikim\u0105.<\/p><p><strong>Socialiniai tinklai.<\/strong><\/p><p>Galite susisiekti su mumis naudodamiesi socialiniais tinklais arba per socialini\u0173 tinkl\u0173 integracij\u0105 m\u016bs\u0173 svetain\u0117je. Kai su mumis susisiekiate tre\u010di\u0173j\u0173 \u0161ali\u0173 socialiniuose tinkluose arba naudojat\u0117s \u012f m\u016bs\u0173 svetain\u0119 integruotomis socialini\u0173 tinkl\u0173 funkcijomis, suteikiate mums prieig\u0105 prie tam tikros informacijos apie savo socialinio tinklo paskyr\u0105 (pavyzd\u017eiui, savo vardo ir pavard\u0117s, el. pa\u0161to adreso, nuotraukos, lyties, gimimo datos, \u017einu\u010di\u0173 ar m\u0117gstam\u0173 puslapi\u0173).<\/p><p>Jei bendraudami su mumis socialiniuose tinkluose arba naudodamiesi socialini\u0173 tinkl\u0173 integracija paskelbsite informacij\u0105, priklausomai nuo pasirinkt\u0173 privatumo nuostat\u0173, j\u016bs\u0173 paskelbta informacija gali b\u016bti vie\u0161ai prieinama internete. Kai kuriuose socialiniuose tinkluose galite kontroliuoti, kokia j\u016bs\u0173 skelbiama informacija yra vie\u0161inama.<\/p><h5>Kaip naudojame j\u016bs\u0173 asmenin\u0119 informacij\u0105?<\/h5><p>Toliau pateikiama tiksl\u0173, kuriais tvarkome j\u016bs\u0173 asmenin\u0119 informacij\u0105, santrauka. Daugiau informacijos apie tai, koki\u0105 informacij\u0105 renkame kiekvienai m\u016bs\u0173 paslaugai, taip pat informacija apie rinkimo tiksl\u0105 ir teisin\u012f pagrind\u0105 pateikiama toliau.<\/p><p><strong>Teikdami paslaugas savo klientams.<\/strong><\/p><p>Mes tvarkome klient\u0173 pateikt\u0105 asmenin\u0119 informacij\u0105, kad gal\u0117tume teikti profesionalias \u017einiatinklio svetaini\u0173 k\u016brimo paslaugas. Konkretus j\u016bs\u0173 asmenin\u0117s informacijos tvarkymo tikslas priklauso nuo m\u016bs\u0173 teikiam\u0173 paslaug\u0173 tipo ir apimties, taip pat nuo taikom\u0173 \u012fstatym\u0173, reguliavimo gairi\u0173 ir profesini\u0173 standart\u0173. J\u016bs\u0173 informacij\u0105 taip pat galime tvarkyti, kai \u012f mus kreipiasi juridinis asmuo kaip klientas, kai esate kliento darbuotojas arba kitaip susij\u0119s su klientu. Tokiu atveju klientas turi u\u017etikrinti, kad j\u016bs \u017einotum\u0117te apie j\u016bs\u0173 asmenin\u0117s informacijos perdavim\u0105 mums arba m\u016bs\u0173 paslaug\u0173 teik\u0117jams ir verslo partneriams.<\/p><p><strong>klient\u0173 u\u017eklaus\u0173 tvarkymas.<\/strong><\/p><p>Klient\u0173 ir j\u0173 atstov\u0173 asmenin\u0119 informacij\u0105 tvarkome siekdami:<br \/>\u2022 prie\u0161 teikiant paslaugas atlikti tapatyb\u0117s nustatymo ir patikrinimo proced\u016bras;<br \/>\u2022 bendrauti su klientu, teikti ir administruoti paslaugas bei u\u017etikrinti apmok\u0117jim\u0105 u\u017e paslaugas;<br \/>\u2022 nagrin\u0117ti klient\u0173 skundus ir u\u017eklausas.<\/p><p>Bendravimas su klientais ir potencialiais klientais bei reklamini\u0173 prane\u0161im\u0173 siuntimas.<\/p><p>Klient\u0173 ir j\u0173 atstov\u0173 asmenin\u0119 informacij\u0105 tvarkome siekdami:<br \/>\u2022 bendrauti su klientais d\u0117l teikiam\u0173, planuojam\u0173 ar si\u016blom\u0173 paslaug\u0173;<br \/>\u2022 si\u0173sti klientams naujienlai\u0161kius, nauding\u0105 informacij\u0105, reklaminius prane\u0161imus ir kitus rinkodaros prane\u0161imus;<br \/>\u2022 Kvieskite klientus \u012f renginius (arba organizuokite ir valdykite tokius renginius).<\/p><h5>Kiek laiko saugome asmenin\u0119 informacij\u0105?<\/h5><p>Laikotarpis, kur\u012f saugome j\u016bs\u0173 asmenin\u0119 informacij\u0105, priklauso nuo tikslo, kuriuo duomenys buvo gauti, ir nuo duomen\u0173 kategorijos. J\u016bs\u0173 asmenin\u0117s informacijos nelaikome ilgiau, nei b\u016btina \u0161iame prane\u0161ime nurodytiems tikslams pasiekti, nebent ilgesnio saugojimo laikotarpio reikalauja \u012fstatymai. Esame \u012fdieg\u0119 tinkamas priemones, kad j\u016bs\u0173 asmenin\u0117 informacija b\u016bt\u0173 laiku, saugiai ir nuosekliai sunaikinta, kai ji nebereikalinga.<\/p><p>Tam tikrais atvejais j\u016bs\u0173 asmenin\u0119 informacij\u0105 galime saugoti ilgiau, kad tur\u0117tume tiksli\u0105 informacij\u0105 apie j\u016bs\u0173 santykius su mumis, spr\u0119stume galimus skundus ir gin\u010dus arba jei pagr\u012fstai manome, kad d\u0117l j\u016bs\u0173 asmenin\u0117s informacijos ar santyki\u0173 su mumis kyla bylin\u0117jimosi gr\u0117sm\u0117.<\/p><h5>Susisiekite su mumis<\/h5><p>Jei turite koki\u0173 nors pra\u0161ym\u0173, skund\u0173 ar kit\u0173 klausim\u0173, nedvejodami kreipkit\u0117s \u012f m\u016bs\u0173 duomen\u0173 apsaugos pareig\u016bn\u0105 adresu <a href=\"\/lt\/info@cbconstruction.eu\/\">info@cbconstruction.eu<\/a><\/p><p>Taip pat turite teis\u0119 kreiptis \u012f Valstybin\u0119 duomen\u0173 apsaugos inspekcij\u0105, A. Juozapavi\u010diaus g. 6, 09310 Vilnius, tel. (8 5) 271 2804, 279 1445, faks. (8 5) 261 9494, el. pa\u0161tas <a href=\"mailto:ada@ada.lt\">ada@ada.lt<\/a>.<\/p><p><!-- \/wp:paragraph --><\/p>\t\t\t\t\t\t<\/div>\n\t\t\t\t<\/div>\n\t\t\t\t\t<\/div>\n\t\t\t\t<\/div>\n\t\t\t\t<\/div>","protected":false},"excerpt":{"rendered":"<p>Privacy Policy Who are we ? Our website address ishttps:\/\/cbconstruction.ltWe are committed to ensuring the protection of the personal data of you, our customers, and other data subjects, and therefore, [&hellip;]<\/p>","protected":false},"author":1,"featured_media":0,"parent":0,"menu_order":0,"comment_status":"closed","ping_status":"closed","template":"elementor_header_footer","meta":{"_acf_changed":false,"_monsterinsights_skip_tracking":false,"_monsterinsights_sitenote_active":false,"_monsterinsights_sitenote_note":"","_monsterinsights_sitenote_category":0,"footnotes":""},"class_list":["post-3509","page","type-page","status-publish","hentry","rishi-post","no-post-thumbnail"],"rishi__cb_customizer_meta":"","acf":[],"aioseo_notices":[],"jetpack_sharing_enabled":true,"_links":{"self":[{"href":"https:\/\/cbconstruction.lt\/lt\/wp-json\/wp\/v2\/pages\/3509","targetHints":{"allow":["GET"]}}],"collection":[{"href":"https:\/\/cbconstruction.lt\/lt\/wp-json\/wp\/v2\/pages"}],"about":[{"href":"https:\/\/cbconstruction.lt\/lt\/wp-json\/wp\/v2\/types\/page"}],"author":[{"embeddable":true,"href":"https:\/\/cbconstruction.lt\/lt\/wp-json\/wp\/v2\/users\/1"}],"replies":[{"embeddable":true,"href":"https:\/\/cbconstruction.lt\/lt\/wp-json\/wp\/v2\/comments?post=3509"}],"version-history":[{"count":10,"href":"https:\/\/cbconstruction.lt\/lt\/wp-json\/wp\/v2\/pages\/3509\/revisions"}],"predecessor-version":[{"id":3520,"href":"https:\/\/cbconstruction.lt\/lt\/wp-json\/wp\/v2\/pages\/3509\/revisions\/3520"}],"wp:attachment":[{"href":"https:\/\/cbconstruction.lt\/lt\/wp-json\/wp\/v2\/media?parent=3509"}],"curies":[{"name":"wp","href":"https:\/\/api.w.org\/{rel}","templated":true}]}}